{"id":2693,"date":"2015-11-25T11:58:27","date_gmt":"2015-11-25T11:58:27","guid":{"rendered":"https:\/\/djuvikcamping.no\/?page_id=2693"},"modified":"2017-07-05T10:46:33","modified_gmt":"2017-07-05T10:46:33","slug":"de","status":"publish","type":"page","link":"https:\/\/djuvikcamping.no\/?lang=de","title":{"rendered":"Djuvik camping &#8211; tysk"},"content":{"rendered":"","protected":false},"excerpt":{"rendered":"","protected":false},"author":2,"featured_media":0,"parent":0,"menu_order":0,"comment_status":"closed","ping_status":"closed","template":"","meta":{"footnotes":""},"class_list":["post-2693","page","type-page","status-publish","hentry","language-de"],"yoast_head":"<!-- This site is optimized with the Yoast SEO plugin v18.8 - https:\/\/yoast.com\/wordpress\/plugins\/seo\/ -->\n<title>Djuvik camping - Camping N\u00e4he des Sognefjorden<\/title>\n<meta name=\"description\" content=\"Djuvik Camping in der N\u00e4he des Sognefjord, Holz auf der Liste des Welterbes. Platz sitzt in des Sognefjord N\u00e4he von Riksvei 13, zwischen Vik und Vangsnes.\" \/>\n<meta name=\"robots\" content=\"index, follow, max-snippet:-1, max-image-preview:large, max-video-preview:-1\" \/>\n<link rel=\"canonical\" href=\"https:\/\/djuvikcamping.no\/?page_id=2693\" \/>\n<meta property=\"og:locale\" content=\"nb_NO\" \/>\n<meta property=\"og:type\" content=\"article\" \/>\n<meta property=\"og:title\" content=\"Djuvik camping - Camping N\u00e4he des Sognefjorden\" \/>\n<meta property=\"og:description\" content=\"Djuvik Camping in der N\u00e4he des Sognefjord, Holz auf der Liste des Welterbes. Platz sitzt in des Sognefjord N\u00e4he von Riksvei 13, zwischen Vik und Vangsnes.\" \/>\n<meta property=\"og:url\" content=\"https:\/\/djuvikcamping.no\/?page_id=2693\" \/>\n<meta property=\"og:site_name\" content=\"Djuvik Camping\" \/>\n<meta property=\"article:modified_time\" content=\"2017-07-05T10:46:33+00:00\" \/>\n<meta name=\"twitter:card\" content=\"summary\" \/>\n<script type=\"application\/ld+json\" class=\"yoast-schema-graph\">{\"@context\":\"https:\/\/schema.org\",\"@graph\":[{\"@type\":\"WebSite\",\"@id\":\"https:\/\/djuvikcamping.no\/#website\",\"url\":\"https:\/\/djuvikcamping.no\/\",\"name\":\"Djuvik Camping\",\"description\":\"\",\"potentialAction\":[{\"@type\":\"SearchAction\",\"target\":{\"@type\":\"EntryPoint\",\"urlTemplate\":\"https:\/\/djuvikcamping.no\/?s={search_term_string}\"},\"query-input\":\"required name=search_term_string\"}],\"inLanguage\":\"nb-NO\"},{\"@type\":\"WebPage\",\"@id\":\"https:\/\/djuvikcamping.no\/?page_id=2693#webpage\",\"url\":\"https:\/\/djuvikcamping.no\/?page_id=2693\",\"name\":\"Djuvik camping - Camping N\u00e4he des Sognefjorden\",\"isPartOf\":{\"@id\":\"https:\/\/djuvikcamping.no\/#website\"},\"datePublished\":\"2015-11-25T11:58:27+00:00\",\"dateModified\":\"2017-07-05T10:46:33+00:00\",\"description\":\"Djuvik Camping in der N\u00e4he des Sognefjord, Holz auf der Liste des Welterbes. Platz sitzt in des Sognefjord N\u00e4he von Riksvei 13, zwischen Vik und Vangsnes.\",\"breadcrumb\":{\"@id\":\"https:\/\/djuvikcamping.no\/?page_id=2693#breadcrumb\"},\"inLanguage\":\"nb-NO\",\"potentialAction\":[{\"@type\":\"ReadAction\",\"target\":[\"https:\/\/djuvikcamping.no\/?page_id=2693\"]}]},{\"@type\":\"BreadcrumbList\",\"@id\":\"https:\/\/djuvikcamping.no\/?page_id=2693#breadcrumb\",\"itemListElement\":[{\"@type\":\"ListItem\",\"position\":1,\"name\":\"Home\",\"item\":\"https:\/\/djuvikcamping.no\/\"},{\"@type\":\"ListItem\",\"position\":2,\"name\":\"Djuvik camping &#8211; tysk\"}]}]}<\/script>\n<!-- \/ Yoast SEO plugin. -->","yoast_head_json":{"title":"Djuvik camping - Camping N\u00e4he des Sognefjorden","description":"Djuvik Camping in der N\u00e4he des Sognefjord, Holz auf der Liste des Welterbes. Platz sitzt in des Sognefjord N\u00e4he von Riksvei 13, zwischen Vik und Vangsnes.","robots":{"index":"index","follow":"follow","max-snippet":"max-snippet:-1","max-image-preview":"max-image-preview:large","max-video-preview":"max-video-preview:-1"},"canonical":"https:\/\/djuvikcamping.no\/?page_id=2693","og_locale":"nb_NO","og_type":"article","og_title":"Djuvik camping - Camping N\u00e4he des Sognefjorden","og_description":"Djuvik Camping in der N\u00e4he des Sognefjord, Holz auf der Liste des Welterbes. Platz sitzt in des Sognefjord N\u00e4he von Riksvei 13, zwischen Vik und Vangsnes.","og_url":"https:\/\/djuvikcamping.no\/?page_id=2693","og_site_name":"Djuvik Camping","article_modified_time":"2017-07-05T10:46:33+00:00","twitter_card":"summary","schema":{"@context":"https:\/\/schema.org","@graph":[{"@type":"WebSite","@id":"https:\/\/djuvikcamping.no\/#website","url":"https:\/\/djuvikcamping.no\/","name":"Djuvik Camping","description":"","potentialAction":[{"@type":"SearchAction","target":{"@type":"EntryPoint","urlTemplate":"https:\/\/djuvikcamping.no\/?s={search_term_string}"},"query-input":"required name=search_term_string"}],"inLanguage":"nb-NO"},{"@type":"WebPage","@id":"https:\/\/djuvikcamping.no\/?page_id=2693#webpage","url":"https:\/\/djuvikcamping.no\/?page_id=2693","name":"Djuvik camping - Camping N\u00e4he des Sognefjorden","isPartOf":{"@id":"https:\/\/djuvikcamping.no\/#website"},"datePublished":"2015-11-25T11:58:27+00:00","dateModified":"2017-07-05T10:46:33+00:00","description":"Djuvik Camping in der N\u00e4he des Sognefjord, Holz auf der Liste des Welterbes. Platz sitzt in des Sognefjord N\u00e4he von Riksvei 13, zwischen Vik und Vangsnes.","breadcrumb":{"@id":"https:\/\/djuvikcamping.no\/?page_id=2693#breadcrumb"},"inLanguage":"nb-NO","potentialAction":[{"@type":"ReadAction","target":["https:\/\/djuvikcamping.no\/?page_id=2693"]}]},{"@type":"BreadcrumbList","@id":"https:\/\/djuvikcamping.no\/?page_id=2693#breadcrumb","itemListElement":[{"@type":"ListItem","position":1,"name":"Home","item":"https:\/\/djuvikcamping.no\/"},{"@type":"ListItem","position":2,"name":"Djuvik camping &#8211; tysk"}]}]}},"_links":{"self":[{"href":"https:\/\/djuvikcamping.no\/index.php?rest_route=\/wp\/v2\/pages\/2693","targetHints":{"allow":["GET"]}}],"collection":[{"href":"https:\/\/djuvikcamping.no\/index.php?rest_route=\/wp\/v2\/pages"}],"about":[{"href":"https:\/\/djuvikcamping.no\/index.php?rest_route=\/wp\/v2\/types\/page"}],"author":[{"embeddable":true,"href":"https:\/\/djuvikcamping.no\/index.php?rest_route=\/wp\/v2\/users\/2"}],"replies":[{"embeddable":true,"href":"https:\/\/djuvikcamping.no\/index.php?rest_route=%2Fwp%2Fv2%2Fcomments&post=2693"}],"version-history":[{"count":0,"href":"https:\/\/djuvikcamping.no\/index.php?rest_route=\/wp\/v2\/pages\/2693\/revisions"}],"wp:attachment":[{"href":"https:\/\/djuvikcamping.no\/index.php?rest_route=%2Fwp%2Fv2%2Fmedia&parent=2693"}],"curies":[{"name":"wp","href":"https:\/\/api.w.org\/{rel}","templated":true}]}}